{"id":10,"date":"2019-06-18T17:59:22","date_gmt":"2019-06-18T17:59:22","guid":{"rendered":"https:\/\/josephinehock.de\/?page_id=10"},"modified":"2023-11-03T18:20:48","modified_gmt":"2023-11-03T18:20:48","slug":"ueber-mich","status":"publish","type":"page","link":"https:\/\/josephinehock.de\/en\/ueber-mich\/","title":{"rendered":"about me"},"content":{"rendered":"<figure class=\"wp-block-image alignfull size-large\"><img loading=\"lazy\" decoding=\"async\" width=\"1024\" height=\"683\" src=\"https:\/\/josephinehock.de\/wp-content\/uploads\/2022\/03\/DSC_3190-web2048-1024x683.jpg\" alt=\"\" class=\"wp-image-599\" srcset=\"https:\/\/josephinehock.de\/wp-content\/uploads\/2022\/03\/DSC_3190-web2048-1024x683.jpg 1024w, https:\/\/josephinehock.de\/wp-content\/uploads\/2022\/03\/DSC_3190-web2048-300x200.jpg 300w, https:\/\/josephinehock.de\/wp-content\/uploads\/2022\/03\/DSC_3190-web2048-768x512.jpg 768w, https:\/\/josephinehock.de\/wp-content\/uploads\/2022\/03\/DSC_3190-web2048-1536x1024.jpg 1536w, https:\/\/josephinehock.de\/wp-content\/uploads\/2022\/03\/DSC_3190-web2048-18x12.jpg 18w, https:\/\/josephinehock.de\/wp-content\/uploads\/2022\/03\/DSC_3190-web2048-1200x800.jpg 1200w, https:\/\/josephinehock.de\/wp-content\/uploads\/2022\/03\/DSC_3190-web2048-1860x1240.jpg 1860w, https:\/\/josephinehock.de\/wp-content\/uploads\/2022\/03\/DSC_3190-web2048.jpg 2048w\" sizes=\"auto, (max-width: 1024px) 100vw, 1024px\" \/><figcaption>Foto: Martina Thalhofer<\/figcaption><\/figure>\n\n\n\n<p class=\"has-text-align-left\"><br><\/p>\n\n\n\n<p>Josephine Hock is a puppeteer and puppet maker with a focus on documentary theater of things.<\/p>\n\n\n\n<p>She was born in 1995 in a small village in the Thuringian forest. After leaving school, she did a voluntary social year at the B\u00fcrgerb\u00fchne of the Staatsschauspiel Dresden. She then studied contemporary puppetry at the Ernst Busch Academy of Dramatic Arts in Berlin, graduating with distinction in 2019. In the same year, she won the main prize with her first solo production \u201cNOR. Vom Kirchturm kann man die Zugspitze sehen\u201d at Freisprung Festival Rostock. Josephine Hock works freelance both at municipal theaters and in the independent scene. Her self-developed plays are shown at various venues throughout Germany and invited to international festivals. They deal with documentary themes such as village structures in East Germany, talking about sex or domestic work, using the means of object theater. Their first feature film, \u201cAnma\u00dfung\u201d, premiered at the Berlinale in 2021.<\/p>\n\n\n\n<p class=\"translation-block\">As a puppet maker, Josephine Hock has a particular fondness for rubber milk and makes puppets for small intimate spaces as well as the large (open-air) stage.<\/p>\n\n\n\n<p class=\"translation-block\">She regularly gives workshops for children, young people and adults on the subject of object theater and has worked in this context, for example, at the GRIPS Theater Berlin, Schauspiel K\u00f6ln and at various theaters in the semi-professional scene in Thuringia. She is also a member of the Secret Dramaturgical Society (Geheime Dramaturgische Gesellschaft) and works with them to create discussion spaces at theater festivals, conferences and after performances.<\/p>\n\n\n\n<p>Since 2023, Josephine Hock has been a lecturer for object theater at the Rostock University of Music and Theater.<\/p>\n\n\n\n<div class=\"wp-block-columns is-layout-flex wp-container-core-columns-is-layout-9d6595d7 wp-block-columns-is-layout-flex\">\n<div class=\"wp-block-column is-layout-flow wp-block-column-is-layout-flow\" style=\"flex-basis:33.34%\">\n<figure class=\"wp-block-gallery has-nested-images columns-default is-cropped wp-block-gallery-1 is-layout-flex wp-block-gallery-is-layout-flex\">\n<figure class=\"wp-block-image size-large\"><img loading=\"lazy\" decoding=\"async\" width=\"683\" height=\"1024\" data-id=\"611\" src=\"https:\/\/josephinehock.de\/wp-content\/uploads\/2022\/03\/DSC_3559-web2048-3-683x1024.jpg\" alt=\"\" class=\"wp-image-611\" srcset=\"https:\/\/josephinehock.de\/wp-content\/uploads\/2022\/03\/DSC_3559-web2048-3-683x1024.jpg 683w, https:\/\/josephinehock.de\/wp-content\/uploads\/2022\/03\/DSC_3559-web2048-3-200x300.jpg 200w, https:\/\/josephinehock.de\/wp-content\/uploads\/2022\/03\/DSC_3559-web2048-3-768x1152.jpg 768w, https:\/\/josephinehock.de\/wp-content\/uploads\/2022\/03\/DSC_3559-web2048-3-1024x1536.jpg 1024w, https:\/\/josephinehock.de\/wp-content\/uploads\/2022\/03\/DSC_3559-web2048-3-8x12.jpg 8w, https:\/\/josephinehock.de\/wp-content\/uploads\/2022\/03\/DSC_3559-web2048-3-1200x1800.jpg 1200w, https:\/\/josephinehock.de\/wp-content\/uploads\/2022\/03\/DSC_3559-web2048-3.jpg 1365w\" sizes=\"auto, (max-width: 683px) 100vw, 683px\" \/><\/figure>\n<figcaption class=\"blocks-gallery-caption\">Fotos: Martina Thalhofer<\/figcaption><\/figure>\n<\/div>\n\n\n\n<div class=\"wp-block-column is-layout-flow wp-block-column-is-layout-flow\" style=\"flex-basis:33.34%\">\n<figure class=\"wp-block-gallery has-nested-images columns-default is-cropped wp-block-gallery-2 is-layout-flex wp-block-gallery-is-layout-flex\">\n<figure class=\"wp-block-image size-large\"><img loading=\"lazy\" decoding=\"async\" width=\"683\" height=\"1024\" data-id=\"610\" src=\"https:\/\/josephinehock.de\/wp-content\/uploads\/2022\/03\/DSC_3859-web2048-683x1024.jpg\" alt=\"\" class=\"wp-image-610\" srcset=\"https:\/\/josephinehock.de\/wp-content\/uploads\/2022\/03\/DSC_3859-web2048-683x1024.jpg 683w, https:\/\/josephinehock.de\/wp-content\/uploads\/2022\/03\/DSC_3859-web2048-200x300.jpg 200w, https:\/\/josephinehock.de\/wp-content\/uploads\/2022\/03\/DSC_3859-web2048-768x1152.jpg 768w, https:\/\/josephinehock.de\/wp-content\/uploads\/2022\/03\/DSC_3859-web2048-1024x1536.jpg 1024w, https:\/\/josephinehock.de\/wp-content\/uploads\/2022\/03\/DSC_3859-web2048-8x12.jpg 8w, https:\/\/josephinehock.de\/wp-content\/uploads\/2022\/03\/DSC_3859-web2048-1200x1800.jpg 1200w, https:\/\/josephinehock.de\/wp-content\/uploads\/2022\/03\/DSC_3859-web2048.jpg 1365w\" sizes=\"auto, (max-width: 683px) 100vw, 683px\" \/><\/figure>\n<\/figure>\n<\/div>\n\n\n\n<div class=\"wp-block-column is-layout-flow wp-block-column-is-layout-flow\" style=\"flex-basis:33.33%\">\n<figure class=\"wp-block-gallery has-nested-images columns-default is-cropped wp-block-gallery-3 is-layout-flex wp-block-gallery-is-layout-flex\">\n<figure class=\"wp-block-image size-large\"><img loading=\"lazy\" decoding=\"async\" width=\"683\" height=\"1024\" data-id=\"612\" src=\"https:\/\/josephinehock.de\/wp-content\/uploads\/2022\/03\/DSC_3700-web2048-683x1024.jpg\" alt=\"\" class=\"wp-image-612\" srcset=\"https:\/\/josephinehock.de\/wp-content\/uploads\/2022\/03\/DSC_3700-web2048-683x1024.jpg 683w, https:\/\/josephinehock.de\/wp-content\/uploads\/2022\/03\/DSC_3700-web2048-200x300.jpg 200w, https:\/\/josephinehock.de\/wp-content\/uploads\/2022\/03\/DSC_3700-web2048-768x1152.jpg 768w, https:\/\/josephinehock.de\/wp-content\/uploads\/2022\/03\/DSC_3700-web2048-1024x1536.jpg 1024w, https:\/\/josephinehock.de\/wp-content\/uploads\/2022\/03\/DSC_3700-web2048-8x12.jpg 8w, https:\/\/josephinehock.de\/wp-content\/uploads\/2022\/03\/DSC_3700-web2048-1200x1800.jpg 1200w, https:\/\/josephinehock.de\/wp-content\/uploads\/2022\/03\/DSC_3700-web2048.jpg 1365w\" sizes=\"auto, (max-width: 683px) 100vw, 683px\" \/><\/figure>\n<\/figure>\n<\/div>\n<\/div>\n\n\n\n<div class=\"wp-block-columns is-layout-flex wp-container-core-columns-is-layout-9d6595d7 wp-block-columns-is-layout-flex\">\n<div class=\"wp-block-column is-layout-flow wp-block-column-is-layout-flow\">\n<figure class=\"wp-block-gallery has-nested-images columns-default is-cropped wp-block-gallery-4 is-layout-flex wp-block-gallery-is-layout-flex\">\n<figure class=\"wp-block-image size-large\"><img loading=\"lazy\" decoding=\"async\" width=\"1024\" height=\"683\" data-id=\"617\" src=\"https:\/\/josephinehock.de\/wp-content\/uploads\/2022\/03\/DSC_4039-web2048-1024x683.jpg\" alt=\"\" class=\"wp-image-617\" srcset=\"https:\/\/josephinehock.de\/wp-content\/uploads\/2022\/03\/DSC_4039-web2048-1024x683.jpg 1024w, https:\/\/josephinehock.de\/wp-content\/uploads\/2022\/03\/DSC_4039-web2048-300x200.jpg 300w, https:\/\/josephinehock.de\/wp-content\/uploads\/2022\/03\/DSC_4039-web2048-768x512.jpg 768w, https:\/\/josephinehock.de\/wp-content\/uploads\/2022\/03\/DSC_4039-web2048-1536x1024.jpg 1536w, https:\/\/josephinehock.de\/wp-content\/uploads\/2022\/03\/DSC_4039-web2048-18x12.jpg 18w, https:\/\/josephinehock.de\/wp-content\/uploads\/2022\/03\/DSC_4039-web2048-1200x800.jpg 1200w, https:\/\/josephinehock.de\/wp-content\/uploads\/2022\/03\/DSC_4039-web2048-1860x1240.jpg 1860w, https:\/\/josephinehock.de\/wp-content\/uploads\/2022\/03\/DSC_4039-web2048.jpg 2048w\" sizes=\"auto, (max-width: 1024px) 100vw, 1024px\" \/><\/figure>\n<\/figure>\n<\/div>\n\n\n\n<div class=\"wp-block-column is-layout-flow wp-block-column-is-layout-flow\">\n<figure class=\"wp-block-gallery has-nested-images columns-default is-cropped wp-block-gallery-5 is-layout-flex wp-block-gallery-is-layout-flex\">\n<figure class=\"wp-block-image size-large\"><img loading=\"lazy\" decoding=\"async\" width=\"1024\" height=\"683\" data-id=\"618\" src=\"https:\/\/josephinehock.de\/wp-content\/uploads\/2022\/03\/DSC_3840-web2048-1024x683.jpg\" alt=\"\" class=\"wp-image-618\" srcset=\"https:\/\/josephinehock.de\/wp-content\/uploads\/2022\/03\/DSC_3840-web2048-1024x683.jpg 1024w, https:\/\/josephinehock.de\/wp-content\/uploads\/2022\/03\/DSC_3840-web2048-300x200.jpg 300w, https:\/\/josephinehock.de\/wp-content\/uploads\/2022\/03\/DSC_3840-web2048-768x512.jpg 768w, https:\/\/josephinehock.de\/wp-content\/uploads\/2022\/03\/DSC_3840-web2048-1536x1024.jpg 1536w, https:\/\/josephinehock.de\/wp-content\/uploads\/2022\/03\/DSC_3840-web2048-18x12.jpg 18w, https:\/\/josephinehock.de\/wp-content\/uploads\/2022\/03\/DSC_3840-web2048-1200x800.jpg 1200w, https:\/\/josephinehock.de\/wp-content\/uploads\/2022\/03\/DSC_3840-web2048-1860x1240.jpg 1860w, https:\/\/josephinehock.de\/wp-content\/uploads\/2022\/03\/DSC_3840-web2048.jpg 2048w\" sizes=\"auto, (max-width: 1024px) 100vw, 1024px\" \/><\/figure>\n<\/figure>\n<\/div>\n<\/div>","protected":false},"excerpt":{"rendered":"<p>Josephine Hock ist Puppenspielerin und -bauerin mit einem Fokus auf dokumentarischem Theater der Dinge. Sie wurde 1995 in einem kleinen Dorf im th\u00fcringischen Wald geboren. Nach der Schule machte sie ein Freiwilliges Soziales Jahr an der B\u00fcrgerb\u00fchne des Staatsschauspiels Dresden. Anschlie\u00dfend studierte sie Zeitgen\u00f6ssische Puppenspielkunst an der Hochschule f\u00fcr Schauspielkunst \u201eErnst Busch\u201c Berlin und schloss [&hellip;]<\/p>\n","protected":false},"author":2,"featured_media":0,"parent":0,"menu_order":0,"comment_status":"closed","ping_status":"closed","template":"","meta":{"footnotes":""},"class_list":["post-10","page","type-page","status-publish","hentry","missing-thumbnail"],"_links":{"self":[{"href":"https:\/\/josephinehock.de\/en\/wp-json\/wp\/v2\/pages\/10","targetHints":{"allow":["GET"]}}],"collection":[{"href":"https:\/\/josephinehock.de\/en\/wp-json\/wp\/v2\/pages"}],"about":[{"href":"https:\/\/josephinehock.de\/en\/wp-json\/wp\/v2\/types\/page"}],"author":[{"embeddable":true,"href":"https:\/\/josephinehock.de\/en\/wp-json\/wp\/v2\/users\/2"}],"replies":[{"embeddable":true,"href":"https:\/\/josephinehock.de\/en\/wp-json\/wp\/v2\/comments?post=10"}],"version-history":[{"count":27,"href":"https:\/\/josephinehock.de\/en\/wp-json\/wp\/v2\/pages\/10\/revisions"}],"predecessor-version":[{"id":813,"href":"https:\/\/josephinehock.de\/en\/wp-json\/wp\/v2\/pages\/10\/revisions\/813"}],"wp:attachment":[{"href":"https:\/\/josephinehock.de\/en\/wp-json\/wp\/v2\/media?parent=10"}],"curies":[{"name":"wp","href":"https:\/\/api.w.org\/{rel}","templated":true}]}}