{"id":16,"date":"2019-06-18T17:59:22","date_gmt":"2019-06-18T17:59:22","guid":{"rendered":"https:\/\/josephinehock.de\/?page_id=16"},"modified":"2023-06-20T12:55:59","modified_gmt":"2023-06-20T12:55:59","slug":"impressum","status":"publish","type":"page","link":"https:\/\/josephinehock.de\/en\/impressum\/","title":{"rendered":"Imprint"},"content":{"rendered":"\n<p><strong>Hinweis<\/strong><br>Ich habe die Inhalte dieser Seiten mit gr\u00f6\u00dftm\u00f6glicher Sorgfalt zusammengestellt und bin f\u00fcr die Inhalte selbst verantwortlich. F\u00fcr die Richtigkeit, Vollst\u00e4ndigkeit und Aktualit\u00e4t der Inhalte und verlinkten Seiten kann ich jedoch trotz sorgf\u00e4ltiger Pr\u00fcfung keine Haftung \u00fcbernehmen.<\/p>\n\n\n\n<p><strong>Copyright<\/strong><br>Alle Texte, Fotos oder Filmdateien auf dieser Website unterliegen meinem bzw. dem Copyright der angegebenen Autor*innen und sind urheberrechtlich gesch\u00fctzt. Fotos: Benjamin Drexler, Josephine Hock, Matthias Pick, Georg P\u00f6hlein, Martina Thalhofer, Arek G\u0142\u0119bocki. Theme: Anders Nor\u00e9n. Gestaltung: Robert Ziesenis<\/p>\n\n\n\n<p><strong>Verantwortlich f\u00fcr den Inhalt:<\/strong><br>Josephine Hock<br>kontakt[at]josephinehock.de<br><br>Baumschulenstr. 8A<br>12437 Berlin<br><\/p>\n","protected":false},"excerpt":{"rendered":"<p>HinweisIch habe die Inhalte dieser Seiten mit gr\u00f6\u00dftm\u00f6glicher Sorgfalt zusammengestellt und bin f\u00fcr die Inhalte selbst verantwortlich. F\u00fcr die Richtigkeit, Vollst\u00e4ndigkeit und Aktualit\u00e4t der Inhalte und verlinkten Seiten kann ich jedoch trotz sorgf\u00e4ltiger Pr\u00fcfung keine Haftung \u00fcbernehmen. CopyrightAlle Texte, Fotos oder Filmdateien auf dieser Website unterliegen meinem bzw. dem Copyright der angegebenen Autor*innen und sind [&hellip;]<\/p>\n","protected":false},"author":2,"featured_media":0,"parent":0,"menu_order":0,"comment_status":"closed","ping_status":"closed","template":"","meta":{"footnotes":""},"class_list":["post-16","page","type-page","status-publish","hentry","missing-thumbnail"],"_links":{"self":[{"href":"https:\/\/josephinehock.de\/en\/wp-json\/wp\/v2\/pages\/16","targetHints":{"allow":["GET"]}}],"collection":[{"href":"https:\/\/josephinehock.de\/en\/wp-json\/wp\/v2\/pages"}],"about":[{"href":"https:\/\/josephinehock.de\/en\/wp-json\/wp\/v2\/types\/page"}],"author":[{"embeddable":true,"href":"https:\/\/josephinehock.de\/en\/wp-json\/wp\/v2\/users\/2"}],"replies":[{"embeddable":true,"href":"https:\/\/josephinehock.de\/en\/wp-json\/wp\/v2\/comments?post=16"}],"version-history":[{"count":9,"href":"https:\/\/josephinehock.de\/en\/wp-json\/wp\/v2\/pages\/16\/revisions"}],"predecessor-version":[{"id":781,"href":"https:\/\/josephinehock.de\/en\/wp-json\/wp\/v2\/pages\/16\/revisions\/781"}],"wp:attachment":[{"href":"https:\/\/josephinehock.de\/en\/wp-json\/wp\/v2\/media?parent=16"}],"curies":[{"name":"wp","href":"https:\/\/api.w.org\/{rel}","templated":true}]}}