{"id":326,"date":"2020-04-29T16:36:58","date_gmt":"2020-04-29T16:36:58","guid":{"rendered":"https:\/\/josephinehock.de\/?page_id=326"},"modified":"2026-03-19T13:17:23","modified_gmt":"2026-03-19T13:17:23","slug":"nachgespraeche-und-gespraechsarchitektur","status":"publish","type":"page","link":"https:\/\/josephinehock.de\/en\/theatervermittlung\/nachgespraeche-und-gespraechsarchitektur\/","title":{"rendered":"Geheime Dramaturgische Gesellschaft"},"content":{"rendered":"<div class=\"wp-block-image\">\n<figure class=\"aligncenter is-resized\"><img loading=\"lazy\" decoding=\"async\" width=\"340\" height=\"300\" src=\"https:\/\/josephinehock.de\/wp-content\/uploads\/2020\/04\/GeheimeDramaturgischeGesellschaft_Logo_M.jpg\" alt=\"\" class=\"wp-image-344\" style=\"width:285px;height:252px\" srcset=\"https:\/\/josephinehock.de\/wp-content\/uploads\/2020\/04\/GeheimeDramaturgischeGesellschaft_Logo_M.jpg 340w, https:\/\/josephinehock.de\/wp-content\/uploads\/2020\/04\/GeheimeDramaturgischeGesellschaft_Logo_M-300x265.jpg 300w\" sizes=\"auto, (max-width: 340px) 100vw, 340px\" \/><\/figure><\/div>\n\n\n<p>Theater braucht Zuschauende &#8211; das Einordnen des Gesehenen, die Auseinandersetzung mit dem eigenen Auff\u00fchrungserlebnis und der Austausch mit anderen tragen die Vorstellung in den Alltag des Publikums hinein.<\/p>\n\n\n\n<p>Die <a href=\"http:\/\/geheimedramaturgischegesellschaft.de\/\">Geheime Dramaturgische Gesellschaft<\/a> (GDG) ist eine Gruppe professioneller Gespr\u00e4chsanstifter*innen und arbeitet auf Theaterfestivals, Tagungen und \u00e4hnlichen Veranstaltungen. Vordergr\u00fcndiges Ziel ist es, Diskurse und<br>Strukturen sichtbar, zug\u00e4nglich und streitbar zu machen. Dies geschieht vor allem mit Hilfe neuer Nachgespr\u00e4chsformate und einer Gespr\u00e4chsarchitektur,  die zum Verweilen und ungezwungenen Austausch einl\u00e4dt.<\/p>\n\n\n\n<figure class=\"wp-block-gallery has-nested-images columns-default is-cropped wp-block-gallery-1 is-layout-flex wp-block-gallery-is-layout-flex\">\n<figure class=\"wp-block-image\"><img loading=\"lazy\" decoding=\"async\" width=\"1024\" height=\"769\" data-id=\"342\" src=\"https:\/\/josephinehock.de\/wp-content\/uploads\/2020\/04\/P1000582-1024x769.jpg\" alt=\"\" class=\"wp-image-342\" srcset=\"https:\/\/josephinehock.de\/wp-content\/uploads\/2020\/04\/P1000582-1024x769.jpg 1024w, https:\/\/josephinehock.de\/wp-content\/uploads\/2020\/04\/P1000582-300x225.jpg 300w, https:\/\/josephinehock.de\/wp-content\/uploads\/2020\/04\/P1000582-768x577.jpg 768w, https:\/\/josephinehock.de\/wp-content\/uploads\/2020\/04\/P1000582-1200x901.jpg 1200w, https:\/\/josephinehock.de\/wp-content\/uploads\/2020\/04\/P1000582-1860x1397.jpg 1860w\" sizes=\"auto, (max-width: 1024px) 100vw, 1024px\" \/><\/figure>\n\n\n\n<figure class=\"wp-block-image\"><img loading=\"lazy\" decoding=\"async\" width=\"1024\" height=\"769\" data-id=\"345\" src=\"https:\/\/josephinehock.de\/wp-content\/uploads\/2020\/04\/P1000433-1-1024x769.jpg\" alt=\"\" class=\"wp-image-345\" srcset=\"https:\/\/josephinehock.de\/wp-content\/uploads\/2020\/04\/P1000433-1-1024x769.jpg 1024w, https:\/\/josephinehock.de\/wp-content\/uploads\/2020\/04\/P1000433-1-300x225.jpg 300w, https:\/\/josephinehock.de\/wp-content\/uploads\/2020\/04\/P1000433-1-768x577.jpg 768w, https:\/\/josephinehock.de\/wp-content\/uploads\/2020\/04\/P1000433-1-1200x901.jpg 1200w, https:\/\/josephinehock.de\/wp-content\/uploads\/2020\/04\/P1000433-1-1860x1397.jpg 1860w\" sizes=\"auto, (max-width: 1024px) 100vw, 1024px\" \/><\/figure>\n<\/figure>\n\n\n\n<p>Menschen bekommen dabei den Raum, nicht nur mit denen in Austausch zu treten, die sie ohnehin m\u00f6gen oder kennen. Gespr\u00e4che finden \u00fcber Hierarchie- und<br>Erfahrungsstufen hinweg statt. Dabei stehen Zeichnungen der Lieblingsszene gleichberechtigt neben ausformulierter Kritik. <\/p>\n\n\n\n<p>2023 bekam die GDG den ASSITEJ-Preis f\u00fcr ihre Impulse f\u00fcr die Darstellenden K\u00fcnste f\u00fcr junges Publikum. <\/p>\n\n\n\n<figure class=\"wp-block-gallery has-nested-images columns-default is-cropped wp-block-gallery-2 is-layout-flex wp-block-gallery-is-layout-flex\">\n<figure class=\"wp-block-image\"><img loading=\"lazy\" decoding=\"async\" width=\"1024\" height=\"769\" data-id=\"347\" src=\"https:\/\/josephinehock.de\/wp-content\/uploads\/2020\/04\/P1000479-1-1024x769.jpg\" alt=\"\" class=\"wp-image-347\" srcset=\"https:\/\/josephinehock.de\/wp-content\/uploads\/2020\/04\/P1000479-1-1024x769.jpg 1024w, https:\/\/josephinehock.de\/wp-content\/uploads\/2020\/04\/P1000479-1-300x225.jpg 300w, https:\/\/josephinehock.de\/wp-content\/uploads\/2020\/04\/P1000479-1-768x577.jpg 768w, https:\/\/josephinehock.de\/wp-content\/uploads\/2020\/04\/P1000479-1-1200x901.jpg 1200w, https:\/\/josephinehock.de\/wp-content\/uploads\/2020\/04\/P1000479-1-1860x1397.jpg 1860w\" sizes=\"auto, (max-width: 1024px) 100vw, 1024px\" \/><\/figure>\n\n\n\n<figure class=\"wp-block-image\"><img loading=\"lazy\" decoding=\"async\" width=\"1024\" height=\"769\" data-id=\"357\" src=\"https:\/\/josephinehock.de\/wp-content\/uploads\/2020\/05\/P1000742-Kopie-1024x769.jpg\" alt=\"\" class=\"wp-image-357\" srcset=\"https:\/\/josephinehock.de\/wp-content\/uploads\/2020\/05\/P1000742-Kopie-1024x769.jpg 1024w, https:\/\/josephinehock.de\/wp-content\/uploads\/2020\/05\/P1000742-Kopie-300x225.jpg 300w, https:\/\/josephinehock.de\/wp-content\/uploads\/2020\/05\/P1000742-Kopie-768x577.jpg 768w, https:\/\/josephinehock.de\/wp-content\/uploads\/2020\/05\/P1000742-Kopie-1200x901.jpg 1200w, https:\/\/josephinehock.de\/wp-content\/uploads\/2020\/05\/P1000742-Kopie-1860x1397.jpg 1860w\" sizes=\"auto, (max-width: 1024px) 100vw, 1024px\" \/><\/figure>\n<\/figure>\n\n\n\n<p>Zur Geheimen Dramaturgischen Gesellschaft geh\u00f6ren 16 Personen, die alle (aus unterschiedlichen Richtungen kommend) Theater sowohl als Machende als auch als Zuschauende erleben. Ich bin seit 2018 Teil der Gruppe und begleite Profi- wie auch Amateurtheaterfestivals, sowie Tagungen und Nachgespr\u00e4che einzelner Vorstellungen.<\/p>\n\n\n\n<p><a href=\"http:\/\/www.geheimedramaturgischegesellschaft.de\">www.geheimedramaturgischegesellschaft.de<\/a><\/p>\n\n\n\n<p>2021 haben wir mit &#8222;ANSTIFTEN!&#8220; eine Heftreihe gestartet, in der wir unsere Arbeit als Gespr\u00e4chsanstifer*innen vorstellen und reflektieren. Die ersten drei Hefte sind <a rel=\"noreferrer noopener\" href=\"https:\/\/gespraeche-anstiften.de\/\" target=\"_blank\">hier<\/a> bestellbar.<\/p>\n\n\n\n<div style=\"height:100px\" aria-hidden=\"true\" class=\"wp-block-spacer\"><\/div>\n\n\n\n<figure class=\"wp-block-image alignwide\"><img loading=\"lazy\" decoding=\"async\" width=\"960\" height=\"720\" src=\"https:\/\/josephinehock.de\/wp-content\/uploads\/2020\/04\/Skizzenbuch.jpg\" alt=\"\" class=\"wp-image-316\" srcset=\"https:\/\/josephinehock.de\/wp-content\/uploads\/2020\/04\/Skizzenbuch.jpg 960w, https:\/\/josephinehock.de\/wp-content\/uploads\/2020\/04\/Skizzenbuch-300x225.jpg 300w, https:\/\/josephinehock.de\/wp-content\/uploads\/2020\/04\/Skizzenbuch-768x576.jpg 768w\" sizes=\"auto, (max-width: 960px) 100vw, 960px\" \/><\/figure>","protected":false},"excerpt":{"rendered":"<p>Theater braucht Zuschauende &#8211; das Einordnen des Gesehenen, die Auseinandersetzung mit dem eigenen Auff\u00fchrungserlebnis und der Austausch mit anderen tragen die Vorstellung in den Alltag des Publikums hinein. Die Geheime Dramaturgische Gesellschaft (GDG) ist eine Gruppe professioneller Gespr\u00e4chsanstifter*innen und arbeitet auf Theaterfestivals, Tagungen und \u00e4hnlichen Veranstaltungen. Vordergr\u00fcndiges Ziel ist es, Diskurse undStrukturen sichtbar, zug\u00e4nglich und [&hellip;]<\/p>\n","protected":false},"author":2,"featured_media":0,"parent":12,"menu_order":0,"comment_status":"closed","ping_status":"closed","template":"","meta":{"footnotes":""},"class_list":["post-326","page","type-page","status-publish","hentry","missing-thumbnail"],"_links":{"self":[{"href":"https:\/\/josephinehock.de\/en\/wp-json\/wp\/v2\/pages\/326","targetHints":{"allow":["GET"]}}],"collection":[{"href":"https:\/\/josephinehock.de\/en\/wp-json\/wp\/v2\/pages"}],"about":[{"href":"https:\/\/josephinehock.de\/en\/wp-json\/wp\/v2\/types\/page"}],"author":[{"embeddable":true,"href":"https:\/\/josephinehock.de\/en\/wp-json\/wp\/v2\/users\/2"}],"replies":[{"embeddable":true,"href":"https:\/\/josephinehock.de\/en\/wp-json\/wp\/v2\/comments?post=326"}],"version-history":[{"count":12,"href":"https:\/\/josephinehock.de\/en\/wp-json\/wp\/v2\/pages\/326\/revisions"}],"predecessor-version":[{"id":1025,"href":"https:\/\/josephinehock.de\/en\/wp-json\/wp\/v2\/pages\/326\/revisions\/1025"}],"up":[{"embeddable":true,"href":"https:\/\/josephinehock.de\/en\/wp-json\/wp\/v2\/pages\/12"}],"wp:attachment":[{"href":"https:\/\/josephinehock.de\/en\/wp-json\/wp\/v2\/media?parent=326"}],"curies":[{"name":"wp","href":"https:\/\/api.w.org\/{rel}","templated":true}]}}