{"id":90,"date":"2019-06-20T10:17:06","date_gmt":"2019-06-20T10:17:06","guid":{"rendered":"https:\/\/josephinehock.de\/?page_id=90"},"modified":"2025-04-09T17:47:49","modified_gmt":"2025-04-09T17:47:49","slug":"was-bisher-geschah","status":"publish","type":"page","link":"https:\/\/josephinehock.de\/en\/was-bisher-geschah\/","title":{"rendered":"what happened so far"},"content":{"rendered":"\n<figure class=\"wp-block-image alignfull size-large\"><img loading=\"lazy\" decoding=\"async\" width=\"1024\" height=\"683\" src=\"https:\/\/josephinehock.de\/wp-content\/uploads\/2022\/03\/DSC_3464-web2048-1024x683.jpg\" alt=\"\" class=\"wp-image-604\" srcset=\"https:\/\/josephinehock.de\/wp-content\/uploads\/2022\/03\/DSC_3464-web2048-1024x683.jpg 1024w, https:\/\/josephinehock.de\/wp-content\/uploads\/2022\/03\/DSC_3464-web2048-300x200.jpg 300w, https:\/\/josephinehock.de\/wp-content\/uploads\/2022\/03\/DSC_3464-web2048-768x512.jpg 768w, https:\/\/josephinehock.de\/wp-content\/uploads\/2022\/03\/DSC_3464-web2048-1536x1024.jpg 1536w, https:\/\/josephinehock.de\/wp-content\/uploads\/2022\/03\/DSC_3464-web2048-18x12.jpg 18w, https:\/\/josephinehock.de\/wp-content\/uploads\/2022\/03\/DSC_3464-web2048-1200x800.jpg 1200w, https:\/\/josephinehock.de\/wp-content\/uploads\/2022\/03\/DSC_3464-web2048-1860x1240.jpg 1860w, https:\/\/josephinehock.de\/wp-content\/uploads\/2022\/03\/DSC_3464-web2048.jpg 2048w\" sizes=\"auto, (max-width: 1024px) 100vw, 1024px\" \/><figcaption class=\"wp-element-caption\">Foto: Martina Thalhofer<\/figcaption><\/figure>\n\n\n\n<h4 class=\"wp-block-heading\">2024<\/h4>\n\n\n\n<p><strong><a href=\"https:\/\/annakpok.de\/projects\/tara-sharing-card-game\/\">TARA \u2013 (There Are Real Alternatives)<\/a><\/strong><br>von und mit <a href=\"https:\/\/annakpok.de\/hauptseite\/\" target=\"_blank\" rel=\"noreferrer noopener\">Anna Kpok<\/a><br>Premiere: 05.09.24<br>Spiel (Partizipatives Game Theater)<\/p>\n\n\n\n<p><a href=\"https:\/\/josephinehock.de\/baer-ein-zeitzeuge-erzaehlt\/\"><strong>B\u00c4R. Ein Zeitzeuge erz\u00e4hlt<\/strong><\/a><br>St\u00fcckentwicklung nach der Biografie von Irene Grumach-Shirun<br>Schaubude Berlin<br>Premiere: 29.06.24<br>Regie: Hannes Kapsch<br>Konzept und Spiel (Dokumentarisches Objekttheater)<\/p>\n\n\n\n<p><strong>Meine Stadt, deine Stadt<\/strong><br>Stadtrechercheprojekt f\u00fcr Kinder und Jugendliche <br>Theater Chemnitz<br>Premiere: 04.05.24<br>Regie: Friederike F\u00f6rster<br>Puppenbau (Tischpuppen und Handpuppen)<\/p>\n\n\n\n<h4 class=\"wp-block-heading\">2023<\/h4>\n\n\n\n<p><strong>Herr Fresssack und die Bremer Stadtmusikanten<\/strong><br>von Dietmar Roberg \u00b7 Musik von Rio Reiser und R.P.S. Lanrue von \u201eTon Steine Scherben\u201c<br>Theater Koblenz<br>Premiere: 16.06.23<br>Regie: Friederike F\u00f6rster<br>Puppenbau (Klappmaul)<\/p>\n\n\n\n<p><strong>Nixon in China<\/strong><br>Oper von John Adams<br>Theater Koblenz<br>Premiere: 19.05.23<br>Regie: Markus Dietze<br>Spiel (Gro\u00dfpuppe)<\/p>\n\n\n\n<p><a href=\"https:\/\/josephinehock.de\/und-samstags-staubsaugen\/\"><strong>und samstags staubsaugen<\/strong><\/a><br>St\u00fcckentwicklung<br>Premiere: 23.02.23 in der Schaubude Berlin<br>Eigenproduktion (Dokumentarisches Objekttheater)<\/p>\n\n\n\n<h4 class=\"wp-block-heading\">2022<\/h4>\n\n\n\n<p><a rel=\"noreferrer noopener\" href=\"https:\/\/reedocate-me.com\/\" target=\"_blank\"><strong>reEDOcate me! <\/strong><\/a><br>von und mit <a rel=\"noreferrer noopener\" href=\"https:\/\/www.annakpok.de\/\" target=\"_blank\">Anna Kpok<\/a><br>Floating Berlin<br>Premiere: 14.10.2022<br>Spiel (Partizipatives Game Theater)<\/p>\n\n\n\n<p><strong>Der T\u00fctendrache<br><\/strong>von Susanne Sterzenbach<br>art der stadt Gotha<br>Premiere: 21.05.2022<br>Regie: Sonja Ke\u00dfner<br>Objektdramaturgie<\/p>\n\n\n\n<p><strong>Zweimonatige Forschungsresidenz (#takeheart)<\/strong><br>Schaubude Berlin<br>Thema: Wie k\u00f6nnen \u00fcber lange Zeitr\u00e4ume vollzogene gesellschaftliche Ver\u00e4nderungen auf der B\u00fchne erleb- und nachvollziehbar gemacht werden?<br>gemeinsam mit <a rel=\"noreferrer noopener\" href=\"http:\/\/lostsobjects.de\/\" target=\"_blank\">lost [s]objects<\/a><\/p>\n\n\n\n<p><strong><a href=\"https:\/\/www.annakpok.de\/2020\/05\/02\/shell-game-lost-in-paranoialand\/\" target=\"_blank\" rel=\"noreferrer noopener\">Shell Game \u2013 Lost in Paranoialand<\/a><\/strong><br>von und mit <a href=\"https:\/\/annakpok.de\/hauptseite\/\" target=\"_blank\" rel=\"noreferrer noopener\">Anna Kpok<\/a><br>Premiere Umbesetzung: 24.03.2022<br>Spiel (Partizipatives Game Theater)<\/p>\n\n\n\n<h4 class=\"wp-block-heading\">2021<\/h4>\n\n\n\n<p><strong><a rel=\"noreferrer noopener\" href=\"https:\/\/gespraeche-anstiften.de\/\" target=\"_blank\">Anstiften! <\/a><\/strong><br>Heftreihe zur Gespr\u00e4chsgestaltung<br>Geheime Dramaturgische Gesellschaft<br>Autorin<\/p>\n\n\n\n<p><strong>Schneewittchen<\/strong><br>nach den Br\u00fcdern Grimm<br>Theater Koblenz<br>Premiere: 27.11.2021<br>Regie: Antje Siebers<br>Puppenbau + Spiel (Gro\u00dfpuppe) <\/p>\n\n\n\n<p><strong><a rel=\"noreferrer noopener\" href=\"https:\/\/wright-kolbe-film.de\/filme\/\" target=\"_blank\">Anma\u00dfung<\/a><\/strong><br>Kinofilm<br>Premiere: 09.06.2021 auf der Berlinale<br>Spiel (Tischpuppe)<\/p>\n\n\n\n<h4 class=\"wp-block-heading\">2020<\/h4>\n\n\n\n<p><strong><a href=\"https:\/\/josephinehock.de\/haus-nr-69\/\">Haus Nr. 69<\/a><\/strong><br>St\u00fcckentwicklung<br>Premiere: 25.09.2020 in der Schaubude Berlin<br>Eigenproduktion (Dokumentarisches Erz\u00e4hltheater)<\/p>\n\n\n\n<p><strong>The Addams Family<\/strong><br>von Andrew Lippa<br>Com\u00f6die Dresden<br>Premiere: 10.07.2020<br>Regie: Kerstin Polenske<br>Puppenbau (Marionette)<\/p>\n\n\n\n<p><strong>Fridolin und Friederike<\/strong><br>nach dem Kinderbuch von Maja Nielsen <br>Anhaltisches Theater Dessau<br>Premiere: 02.02.2020<br>Regie: Johannes Weigand<br>Spiel (Tischpuppe)<\/p>\n\n\n\n<h4 class=\"wp-block-heading\">2019<\/h4>\n\n\n\n<p><strong>Es war einmal&#8230;<\/strong><br>stellwerk &#8211; junges theater Weimar<br>Premiere: 26.10.2019<br>Regie: Vincent Kresse<br>Objektdramaturgie<\/p>\n\n\n\n<p><strong>Ein Schaf f\u00fcrs Leben<\/strong><br>nach dem Kinderbuch von Maritgen Matter <br>Theater Koblenz<br>Premiere: 24.10.2019<br>Regie: Alexander Ourth<br>Puppenbau (Klappmaul\/Tischpuppe\/Marionette)<\/p>\n\n\n\n<p><strong><a href=\"https:\/\/josephinehock.de\/?p=51\">NOR. Vom Kirchturm kann man die Zugspitze sehen<\/a><\/strong><br>St\u00fcckentwicklung<br>Premiere: 27.05.2019 beim internationalen figuren.theater.festival Erlangen<br>Eigenproduktion (Objekttheater)<\/p>\n\n\n\n<p><strong>Der Ring des Nibelungen<\/strong><br>von Richard Wagner in einer Fassung von Vincent Kresse<br>stellwerk &#8211; junges theater Weimar<br>Premiere: 18.05.2019<br>Regie: Vincent Kresse und Josephine Hock<br>Regie (Objekttheater)<\/p>\n\n\n\n<h4 class=\"wp-block-heading\">2018<\/h4>\n\n\n\n<p><strong>Der gestiefelte Kater<\/strong><br>von Peter Francesco Marino<br>Musiktheater im Revier Gelsenkirchen<br>Premiere: 02.12.2018<br>Regie: Astrid Griesbach<br>Spiel (Gro\u00dfpuppe)<\/p>\n\n\n\n<p><strong>Die Welpen<\/strong><br>von Pawel Salzmann<br>Deutschlandfunk Kultur<br>Regie: Klaus Buhlert<br>Sprecherin f\u00fcr diverse Tiere<\/p>\n\n\n\n<p><strong>Das gro\u00dfe Massakerspiel<\/strong><br>von Eug\u00e8ne Ionesco<br>Schaubude Berlin<br>Premiere: 26.05.2018<br>Regie: Ariane Kareev<br>Spiel (Hybride Formen)<\/p>\n\n\n\n<p><strong>Coitus Cannibalus<\/strong><br>St\u00fcckentwicklung<br>Das Weite Theater Berlin<br>Premiere: 10.02.2018<br>Gastspiele: Internationales Welser Figurentheaterfestival, Puppentheater Halle, Schaubude Berlin<br>Eigenproduktion (Tischpuppe\/ Maske)<\/p>\n","protected":false},"excerpt":{"rendered":"<p>2024 TARA \u2013 (There Are Real Alternatives)von und mit Anna KpokPremiere: 05.09.24Spiel (Partizipatives Game Theater) B\u00c4R. Ein Zeitzeuge erz\u00e4hltSt\u00fcckentwicklung nach der Biografie von Irene Grumach-ShirunSchaubude BerlinPremiere: 29.06.24Regie: Hannes KapschKonzept und Spiel (Dokumentarisches Objekttheater) Meine Stadt, deine StadtStadtrechercheprojekt f\u00fcr Kinder und Jugendliche Theater ChemnitzPremiere: 04.05.24Regie: Friederike F\u00f6rsterPuppenbau (Tischpuppen und Handpuppen) 2023 Herr Fresssack und die Bremer [&hellip;]<\/p>\n","protected":false},"author":2,"featured_media":0,"parent":0,"menu_order":0,"comment_status":"closed","ping_status":"closed","template":"","meta":{"footnotes":""},"class_list":["post-90","page","type-page","status-publish","hentry","missing-thumbnail"],"_links":{"self":[{"href":"https:\/\/josephinehock.de\/en\/wp-json\/wp\/v2\/pages\/90","targetHints":{"allow":["GET"]}}],"collection":[{"href":"https:\/\/josephinehock.de\/en\/wp-json\/wp\/v2\/pages"}],"about":[{"href":"https:\/\/josephinehock.de\/en\/wp-json\/wp\/v2\/types\/page"}],"author":[{"embeddable":true,"href":"https:\/\/josephinehock.de\/en\/wp-json\/wp\/v2\/users\/2"}],"replies":[{"embeddable":true,"href":"https:\/\/josephinehock.de\/en\/wp-json\/wp\/v2\/comments?post=90"}],"version-history":[{"count":36,"href":"https:\/\/josephinehock.de\/en\/wp-json\/wp\/v2\/pages\/90\/revisions"}],"predecessor-version":[{"id":965,"href":"https:\/\/josephinehock.de\/en\/wp-json\/wp\/v2\/pages\/90\/revisions\/965"}],"wp:attachment":[{"href":"https:\/\/josephinehock.de\/en\/wp-json\/wp\/v2\/media?parent=90"}],"curies":[{"name":"wp","href":"https:\/\/api.w.org\/{rel}","templated":true}]}}